{"id":57,"date":"2020-12-02T14:27:57","date_gmt":"2020-12-02T14:27:57","guid":{"rendered":"https:\/\/instrutoresonlineccb.fun\/blog\/?page_id=57"},"modified":"2023-11-09T08:30:41","modified_gmt":"2023-11-09T10:30:41","slug":"versiculos-selecionados-na-biblia","status":"publish","type":"page","link":"https:\/\/instrutoresonlineccb.fun\/blog\/biblia-online\/versiculos-selecionados-na-biblia\/","title":{"rendered":"Vers\u00edculos Selecionados na B\u00edblia"},"content":{"rendered":"","protected":false},"excerpt":{"rendered":"","protected":false},"author":1,"featured_media":0,"parent":53,"menu_order":0,"comment_status":"closed","ping_status":"closed","template":"","meta":{"_uag_custom_page_level_css":"","footnotes":""},"class_list":["post-57","page","type-page","status-publish","hentry"],"yoast_head":"<!-- This site is optimized with the Yoast SEO plugin v27.0 - https:\/\/yoast.com\/product\/yoast-seo-wordpress\/ -->\n<title>Vers\u00edculos Selecionados na B\u00edblia - Instrutores Online<\/title>\n<meta name=\"description\" content=\"Rela\u00e7\u00e3o dos Vers\u00edculos Mais Famosos da B\u00edblia - T\u00f3picos de Doutrina - Par\u00e1bolas - Profecias Sobre a Vinda de Cristo.\" \/>\n<meta name=\"robots\" content=\"index, follow, max-snippet:-1, max-image-preview:large, max-video-preview:-1\" \/>\n<link rel=\"canonical\" href=\"https:\/\/instrutoresonlineccb.fun\/blog\/biblia-online\/versiculos-selecionados-na-biblia\/\" \/>\n<meta property=\"og:locale\" content=\"pt_BR\" \/>\n<meta property=\"og:type\" content=\"article\" \/>\n<meta property=\"og:title\" content=\"Vers\u00edculos Selecionados - Par\u00e1bolas - Profecias - T\u00f3picos de Doutrina\" \/>\n<meta property=\"og:description\" content=\"Vers\u00edculos Selecionados na B\u00edblia, T\u00f3picos de Doutrina, Profecias B\u00edblicas\" \/>\n<meta property=\"og:url\" content=\"https:\/\/instrutoresonlineccb.fun\/blog\/biblia-online\/versiculos-selecionados-na-biblia\/\" \/>\n<meta property=\"og:site_name\" content=\"Instrutores Online\" \/>\n<meta property=\"article:modified_time\" content=\"2023-11-09T10:30:41+00:00\" \/>\n<meta property=\"og:image\" content=\"https:\/\/instrutoresonlineccb.fun\/blog\/wp-content\/uploads\/2023\/10\/Versiculos-Famosos-da-Biblia.png\" \/>\n\t<meta property=\"og:image:width\" content=\"940\" \/>\n\t<meta property=\"og:image:height\" content=\"788\" \/>\n\t<meta property=\"og:image:type\" content=\"image\/png\" \/>\n<meta name=\"twitter:card\" content=\"summary_large_image\" \/>\n<script type=\"application\/ld+json\" class=\"yoast-schema-graph\">{\"@context\":\"https:\/\/schema.org\",\"@graph\":[{\"@type\":\"WebPage\",\"@id\":\"https:\/\/instrutoresonlineccb.fun\/blog\/biblia-online\/versiculos-selecionados-na-biblia\/\",\"url\":\"https:\/\/instrutoresonlineccb.fun\/blog\/biblia-online\/versiculos-selecionados-na-biblia\/\",\"name\":\"Vers\u00edculos Selecionados na B\u00edblia - Instrutores Online\",\"isPartOf\":{\"@id\":\"https:\/\/instrutoresonlineccb.fun\/blog\/#website\"},\"datePublished\":\"2020-12-02T14:27:57+00:00\",\"dateModified\":\"2023-11-09T10:30:41+00:00\",\"description\":\"Rela\u00e7\u00e3o dos Vers\u00edculos Mais Famosos da B\u00edblia - T\u00f3picos de Doutrina - Par\u00e1bolas - Profecias Sobre a Vinda de Cristo.\",\"breadcrumb\":{\"@id\":\"https:\/\/instrutoresonlineccb.fun\/blog\/biblia-online\/versiculos-selecionados-na-biblia\/#breadcrumb\"},\"inLanguage\":\"pt-BR\",\"potentialAction\":[{\"@type\":\"ReadAction\",\"target\":[\"https:\/\/instrutoresonlineccb.fun\/blog\/biblia-online\/versiculos-selecionados-na-biblia\/\"]}]},{\"@type\":\"BreadcrumbList\",\"@id\":\"https:\/\/instrutoresonlineccb.fun\/blog\/biblia-online\/versiculos-selecionados-na-biblia\/#breadcrumb\",\"itemListElement\":[{\"@type\":\"ListItem\",\"position\":1,\"name\":\"In\u00edcio\",\"item\":\"https:\/\/instrutoresonlineccb.fun\/blog\/\"},{\"@type\":\"ListItem\",\"position\":2,\"name\":\"B\u00edblia Online\",\"item\":\"https:\/\/instrutoresonlineccb.fun\/blog\/biblia-online\/\"},{\"@type\":\"ListItem\",\"position\":3,\"name\":\"Vers\u00edculos Selecionados na B\u00edblia\"}]},{\"@type\":\"WebSite\",\"@id\":\"https:\/\/instrutoresonlineccb.fun\/blog\/#website\",\"url\":\"https:\/\/instrutoresonlineccb.fun\/blog\/\",\"name\":\"InstrutoresOnlineCCB\",\"description\":\"Blog para quem ama ensinar e aprender M\u00fasica.\",\"publisher\":{\"@id\":\"https:\/\/instrutoresonlineccb.fun\/blog\/#\/schema\/person\/3f569f2d47b9b7258728e4e620e3487f\"},\"potentialAction\":[{\"@type\":\"SearchAction\",\"target\":{\"@type\":\"EntryPoint\",\"urlTemplate\":\"https:\/\/instrutoresonlineccb.fun\/blog\/?s={search_term_string}\"},\"query-input\":{\"@type\":\"PropertyValueSpecification\",\"valueRequired\":true,\"valueName\":\"search_term_string\"}}],\"inLanguage\":\"pt-BR\"},{\"@type\":[\"Person\",\"Organization\"],\"@id\":\"https:\/\/instrutoresonlineccb.fun\/blog\/#\/schema\/person\/3f569f2d47b9b7258728e4e620e3487f\",\"name\":\"newton\",\"image\":{\"@type\":\"ImageObject\",\"inLanguage\":\"pt-BR\",\"@id\":\"https:\/\/instrutoresonlineccb.fun\/blog\/#\/schema\/person\/image\/\",\"url\":\"https:\/\/instrutoresonlineccb.fun\/blog\/wp-content\/uploads\/2024\/10\/cropped-cropped-Logo-Instrutores-Online-1.png\",\"contentUrl\":\"https:\/\/instrutoresonlineccb.fun\/blog\/wp-content\/uploads\/2024\/10\/cropped-cropped-Logo-Instrutores-Online-1.png\",\"width\":341,\"height\":250,\"caption\":\"newton\"},\"logo\":{\"@id\":\"https:\/\/instrutoresonlineccb.fun\/blog\/#\/schema\/person\/image\/\"},\"sameAs\":[\"https:\/\/instrutoresonlineccb.fun\/blog\"]}]}<\/script>\n<!-- \/ Yoast SEO plugin. -->","yoast_head_json":{"title":"Vers\u00edculos Selecionados na B\u00edblia - Instrutores Online","description":"Rela\u00e7\u00e3o dos Vers\u00edculos Mais Famosos da B\u00edblia - T\u00f3picos de Doutrina - Par\u00e1bolas - Profecias Sobre a Vinda de Cristo.","robots":{"index":"index","follow":"follow","max-snippet":"max-snippet:-1","max-image-preview":"max-image-preview:large","max-video-preview":"max-video-preview:-1"},"canonical":"https:\/\/instrutoresonlineccb.fun\/blog\/biblia-online\/versiculos-selecionados-na-biblia\/","og_locale":"pt_BR","og_type":"article","og_title":"Vers\u00edculos Selecionados - Par\u00e1bolas - Profecias - T\u00f3picos de Doutrina","og_description":"Vers\u00edculos Selecionados na B\u00edblia, T\u00f3picos de Doutrina, Profecias B\u00edblicas","og_url":"https:\/\/instrutoresonlineccb.fun\/blog\/biblia-online\/versiculos-selecionados-na-biblia\/","og_site_name":"Instrutores Online","article_modified_time":"2023-11-09T10:30:41+00:00","og_image":[{"width":940,"height":788,"url":"https:\/\/instrutoresonlineccb.fun\/blog\/wp-content\/uploads\/2023\/10\/Versiculos-Famosos-da-Biblia.png","type":"image\/png"}],"twitter_card":"summary_large_image","schema":{"@context":"https:\/\/schema.org","@graph":[{"@type":"WebPage","@id":"https:\/\/instrutoresonlineccb.fun\/blog\/biblia-online\/versiculos-selecionados-na-biblia\/","url":"https:\/\/instrutoresonlineccb.fun\/blog\/biblia-online\/versiculos-selecionados-na-biblia\/","name":"Vers\u00edculos Selecionados na B\u00edblia - Instrutores Online","isPartOf":{"@id":"https:\/\/instrutoresonlineccb.fun\/blog\/#website"},"datePublished":"2020-12-02T14:27:57+00:00","dateModified":"2023-11-09T10:30:41+00:00","description":"Rela\u00e7\u00e3o dos Vers\u00edculos Mais Famosos da B\u00edblia - T\u00f3picos de Doutrina - Par\u00e1bolas - Profecias Sobre a Vinda de Cristo.","breadcrumb":{"@id":"https:\/\/instrutoresonlineccb.fun\/blog\/biblia-online\/versiculos-selecionados-na-biblia\/#breadcrumb"},"inLanguage":"pt-BR","potentialAction":[{"@type":"ReadAction","target":["https:\/\/instrutoresonlineccb.fun\/blog\/biblia-online\/versiculos-selecionados-na-biblia\/"]}]},{"@type":"BreadcrumbList","@id":"https:\/\/instrutoresonlineccb.fun\/blog\/biblia-online\/versiculos-selecionados-na-biblia\/#breadcrumb","itemListElement":[{"@type":"ListItem","position":1,"name":"In\u00edcio","item":"https:\/\/instrutoresonlineccb.fun\/blog\/"},{"@type":"ListItem","position":2,"name":"B\u00edblia Online","item":"https:\/\/instrutoresonlineccb.fun\/blog\/biblia-online\/"},{"@type":"ListItem","position":3,"name":"Vers\u00edculos Selecionados na B\u00edblia"}]},{"@type":"WebSite","@id":"https:\/\/instrutoresonlineccb.fun\/blog\/#website","url":"https:\/\/instrutoresonlineccb.fun\/blog\/","name":"InstrutoresOnlineCCB","description":"Blog para quem ama ensinar e aprender M\u00fasica.","publisher":{"@id":"https:\/\/instrutoresonlineccb.fun\/blog\/#\/schema\/person\/3f569f2d47b9b7258728e4e620e3487f"},"potentialAction":[{"@type":"SearchAction","target":{"@type":"EntryPoint","urlTemplate":"https:\/\/instrutoresonlineccb.fun\/blog\/?s={search_term_string}"},"query-input":{"@type":"PropertyValueSpecification","valueRequired":true,"valueName":"search_term_string"}}],"inLanguage":"pt-BR"},{"@type":["Person","Organization"],"@id":"https:\/\/instrutoresonlineccb.fun\/blog\/#\/schema\/person\/3f569f2d47b9b7258728e4e620e3487f","name":"newton","image":{"@type":"ImageObject","inLanguage":"pt-BR","@id":"https:\/\/instrutoresonlineccb.fun\/blog\/#\/schema\/person\/image\/","url":"https:\/\/instrutoresonlineccb.fun\/blog\/wp-content\/uploads\/2024\/10\/cropped-cropped-Logo-Instrutores-Online-1.png","contentUrl":"https:\/\/instrutoresonlineccb.fun\/blog\/wp-content\/uploads\/2024\/10\/cropped-cropped-Logo-Instrutores-Online-1.png","width":341,"height":250,"caption":"newton"},"logo":{"@id":"https:\/\/instrutoresonlineccb.fun\/blog\/#\/schema\/person\/image\/"},"sameAs":["https:\/\/instrutoresonlineccb.fun\/blog"]}]}},"uagb_featured_image_src":{"full":false,"thumbnail":false,"medium":false,"medium_large":false,"large":false,"1536x1536":false,"2048x2048":false,"post-thumbnail":false,"large-feature":false,"small-feature":false},"uagb_author_info":{"display_name":"newton","author_link":"https:\/\/instrutoresonlineccb.fun\/blog\/author\/newton\/"},"uagb_comment_info":0,"uagb_excerpt":null,"amp_enabled":true,"_links":{"self":[{"href":"https:\/\/instrutoresonlineccb.fun\/blog\/wp-json\/wp\/v2\/pages\/57","targetHints":{"allow":["GET"]}}],"collection":[{"href":"https:\/\/instrutoresonlineccb.fun\/blog\/wp-json\/wp\/v2\/pages"}],"about":[{"href":"https:\/\/instrutoresonlineccb.fun\/blog\/wp-json\/wp\/v2\/types\/page"}],"author":[{"embeddable":true,"href":"https:\/\/instrutoresonlineccb.fun\/blog\/wp-json\/wp\/v2\/users\/1"}],"replies":[{"embeddable":true,"href":"https:\/\/instrutoresonlineccb.fun\/blog\/wp-json\/wp\/v2\/comments?post=57"}],"version-history":[{"count":2,"href":"https:\/\/instrutoresonlineccb.fun\/blog\/wp-json\/wp\/v2\/pages\/57\/revisions"}],"predecessor-version":[{"id":545,"href":"https:\/\/instrutoresonlineccb.fun\/blog\/wp-json\/wp\/v2\/pages\/57\/revisions\/545"}],"up":[{"embeddable":true,"href":"https:\/\/instrutoresonlineccb.fun\/blog\/wp-json\/wp\/v2\/pages\/53"}],"wp:attachment":[{"href":"https:\/\/instrutoresonlineccb.fun\/blog\/wp-json\/wp\/v2\/media?parent=57"}],"curies":[{"name":"wp","href":"https:\/\/api.w.org\/{rel}","templated":true}]}}